{"id":4790,"date":"2020-12-18T15:29:17","date_gmt":"2020-12-18T14:29:17","guid":{"rendered":"https:\/\/campingdeplessac.fr\/telechargements-documents-camping-brantome-dordogne-perigord\/"},"modified":"2026-01-16T17:23:35","modified_gmt":"2026-01-16T16:23:35","slug":"downloads-camping-brantome-dordogne-perigord","status":"publish","type":"page","link":"https:\/\/campingdeplessac.fr\/nl\/downloads-camping-brantome-dordogne-perigord\/","title":{"rendered":"Downloads"},"content":{"rendered":"\n<style type=\"text\/css\" data-created_by=\"avia_inline_auto\" id=\"style-css-av-2na9gc-1fbaf4b8463a69452f49f4a111de156a\">\n#top .av-special-heading.av-2na9gc-1fbaf4b8463a69452f49f4a111de156a{\npadding-bottom:10px;\n}\nbody .av-special-heading.av-2na9gc-1fbaf4b8463a69452f49f4a111de156a .av-special-heading-tag .heading-char{\nfont-size:25px;\n}\n.av-special-heading.av-2na9gc-1fbaf4b8463a69452f49f4a111de156a .av-subheading{\nfont-size:15px;\n}\n<\/style>\n<div  class='av-special-heading av-2na9gc-1fbaf4b8463a69452f49f4a111de156a av-special-heading-h2  avia-builder-el-0  el_before_av_hr  avia-builder-el-first  av-linked-heading'><h2 class='av-special-heading-tag '  itemprop=\"headline\"  >Downloads<\/h2><div class=\"special-heading-border\"><div class=\"special-heading-inner-border\"><\/div><\/div><\/div>\n\n<style type=\"text\/css\" data-created_by=\"avia_inline_auto\" id=\"style-css-av-k20ydzfp-6637767fbe221d41bfb607e1855f2e97\">\n#top .hr.hr-invisible.av-k20ydzfp-6637767fbe221d41bfb607e1855f2e97{\nheight:10px;\n}\n<\/style>\n<div  class='hr av-k20ydzfp-6637767fbe221d41bfb607e1855f2e97 hr-invisible  avia-builder-el-1  el_after_av_heading  el_before_av_one_half '><span class='hr-inner '><span class=\"hr-inner-style\"><\/span><\/span><\/div>\n\n<style type=\"text\/css\" data-created_by=\"avia_inline_auto\" id=\"style-css-av-ckanw-ddea04539cd5a29f4d954d308ec367a1\">\n.flex_column.av-ckanw-ddea04539cd5a29f4d954d308ec367a1{\nborder-radius:0px 0px 0px 0px;\npadding:0px 0px 0px 0px;\n}\n<\/style>\n<div  class='flex_column av-ckanw-ddea04539cd5a29f4d954d308ec367a1 av_one_half  avia-builder-el-2  el_after_av_hr  el_before_av_one_half  first flex_column_div av-zero-column-padding  '     ><style type=\"text\/css\" data-created_by=\"avia_inline_auto\" id=\"style-css-av-kiudzix2-c48d0e346ec9927cac7f52abbfac1d78\">\n#top .avia-icon-list-container.av-kiudzix2-c48d0e346ec9927cac7f52abbfac1d78 .iconlist_icon{\ncolor:#006c9b;\nbackground-color:#fad91a;\n}\n#top .avia-icon-list-container.av-kiudzix2-c48d0e346ec9927cac7f52abbfac1d78 .iconlist_icon svg:first-child{\nstroke:#006c9b;\nfill:#006c9b;\n}\n<\/style>\n<div  class='avia-icon-list-container av-kiudzix2-c48d0e346ec9927cac7f52abbfac1d78  avia-builder-el-3  avia-builder-el-no-sibling '><ul class='avia-icon-list avia_animate_when_almost_visible avia-icon-list-left av-iconlist-big av-kiudzix2-c48d0e346ec9927cac7f52abbfac1d78 avia-iconlist-animate'>\n<li><div class='iconlist_icon av-1xtrmk-b8d75b66ea4b884c7da5997c934ef852 avia-font-entypo-fontello avia-iconfont avia-font-entypo-fontello'><span class='av-icon-char' data-av_icon='\ue832' data-av_iconfont='entypo-fontello' aria-hidden=\"true\"><\/span><\/div><article class=\"article-icon-entry \"  itemscope=\"itemscope\" itemtype=\"https:\/\/schema.org\/CreativeWork\" ><div class=\"iconlist_content_wrap\"><header class=\"entry-content-header\" aria-label=\"Icoon: \"><\/header><div class='iconlist_content '  itemprop=\"text\" ><h4>Huurcontract<\/h4>\n<div  class='avia-button-wrap av-1v368s-baa4c9f2a6b78c1dd3f9e2d8f715f8de-wrap avia-button-left  avia-builder-el-4  el_before_av_button  avia-builder-el-first '>\n<style type=\"text\/css\" data-created_by=\"avia_inline_auto\" id=\"style-css-av-1v368s-baa4c9f2a6b78c1dd3f9e2d8f715f8de\">\n#top #wrap_all .avia-button.av-1v368s-baa4c9f2a6b78c1dd3f9e2d8f715f8de{\nbackground-color:#36abe1;\nborder-color:#36abe1;\ncolor:#ffffff;\ntransition:all 0.4s ease-in-out;\n}\n#top #wrap_all .avia-button.av-1v368s-baa4c9f2a6b78c1dd3f9e2d8f715f8de .avia-svg-icon svg:first-child{\nfill:#ffffff;\nstroke:#ffffff;\n}\n<\/style>\n<a href='https:\/\/campingdeplessac.fr\/wp-content\/uploads\/2025\/10\/Contrat-location-Camping-Les-Etangs-Plessac-2026.pdf'  class='avia-button av-1v368s-baa4c9f2a6b78c1dd3f9e2d8f715f8de av-link-btn avia-icon_select-yes-right-icon avia-size-medium avia-position-left'  target=\"_blank\"  rel=\"noopener noreferrer\"  aria-label=\"Download\"><span class='avia_iconbox_title' >Download<\/span><span class='avia_button_icon avia_button_icon_right avia-iconfont avia-font-entypo-fontello' data-av_icon='\ue82d' data-av_iconfont='entypo-fontello' ><\/span><\/a><\/div>\n<\/div><\/div><footer class=\"entry-footer\"><\/footer><\/article><div class=\"iconlist-timeline\"><\/div><\/li>\n<li><div class='iconlist_icon av-6i09ek-d9faa6a95986b33bc9c53275c4c8f122 avia-font-entypo-fontello avia-iconfont avia-font-entypo-fontello'><span class='av-icon-char' data-av_icon='\ue832' data-av_iconfont='entypo-fontello' aria-hidden=\"true\"><\/span><\/div><article class=\"article-icon-entry \"  itemscope=\"itemscope\" itemtype=\"https:\/\/schema.org\/CreativeWork\" ><div class=\"iconlist_content_wrap\"><header class=\"entry-content-header\" aria-label=\"Icoon: \"><\/header><div class='iconlist_content '  itemprop=\"text\" ><h4>Algemene verkoopvoorwaarden<\/h4>\n<div  class='avia-button-wrap av-1v368s-4-685ae880122b863a2c8657ffc35a1d10-wrap avia-button-left  avia-builder-el-5  el_after_av_button  avia-builder-el-last '>\n<style type=\"text\/css\" data-created_by=\"avia_inline_auto\" id=\"style-css-av-1v368s-4-685ae880122b863a2c8657ffc35a1d10\">\n#top #wrap_all .avia-button.av-1v368s-4-685ae880122b863a2c8657ffc35a1d10{\nbackground-color:#36abe1;\nborder-color:#36abe1;\ncolor:#ffffff;\ntransition:all 0.4s ease-in-out;\n}\n#top #wrap_all .avia-button.av-1v368s-4-685ae880122b863a2c8657ffc35a1d10 .avia-svg-icon svg:first-child{\nfill:#ffffff;\nstroke:#ffffff;\n}\n<\/style>\n<a href='https:\/\/campingdeplessac.fr\/wp-content\/uploads\/2026\/01\/ALGEMENE-VOORWAARDEN-Etangs-de-Plessac-NL.pdf'  class='avia-button av-1v368s-4-685ae880122b863a2c8657ffc35a1d10 av-link-btn avia-icon_select-yes-right-icon avia-size-medium avia-position-left'  target=\"_blank\"  rel=\"noopener noreferrer\"  aria-label=\"Download\"><span class='avia_iconbox_title' >Download<\/span><span class='avia_button_icon avia_button_icon_right avia-iconfont avia-font-entypo-fontello' data-av_icon='\ue82d' data-av_iconfont='entypo-fontello' ><\/span><\/a><\/div>\n<\/div><\/div><footer class=\"entry-footer\"><\/footer><\/article><div class=\"iconlist-timeline\"><\/div><\/li>\n<\/ul><\/div><\/div>\n<style type=\"text\/css\" data-created_by=\"avia_inline_auto\" id=\"style-css-av-6xgo9o-eed7baf118ab27f0acc994c8843dfeac\">\n.flex_column.av-6xgo9o-eed7baf118ab27f0acc994c8843dfeac{\nborder-radius:0px 0px 0px 0px;\npadding:0px 0px 0px 0px;\n}\n<\/style>\n<div  class='flex_column av-6xgo9o-eed7baf118ab27f0acc994c8843dfeac av_one_half  avia-builder-el-6  el_after_av_one_half  avia-builder-el-last  flex_column_div av-zero-column-padding  '     ><style type=\"text\/css\" data-created_by=\"avia_inline_auto\" id=\"style-css-av-lqgirvq0-7d393705679f3ede4dfdc7272201ae52\">\n#top .avia-icon-list-container.av-lqgirvq0-7d393705679f3ede4dfdc7272201ae52 .iconlist_icon{\ncolor:#006c9b;\nbackground-color:#fad91a;\n}\n#top .avia-icon-list-container.av-lqgirvq0-7d393705679f3ede4dfdc7272201ae52 .iconlist_icon svg:first-child{\nstroke:#006c9b;\nfill:#006c9b;\n}\n<\/style>\n<div  class='avia-icon-list-container av-lqgirvq0-7d393705679f3ede4dfdc7272201ae52  avia-builder-el-7  avia-builder-el-no-sibling '><ul class='avia-icon-list avia_animate_when_almost_visible avia-icon-list-left av-iconlist-big av-lqgirvq0-7d393705679f3ede4dfdc7272201ae52 avia-iconlist-animate'>\n<li><div class='iconlist_icon av-4ugwws-811255444888254bfb5778511bd066f9 avia-font-entypo-fontello avia-iconfont avia-font-entypo-fontello'><span class='av-icon-char' data-av_icon='\ue832' data-av_iconfont='entypo-fontello' aria-hidden=\"true\"><\/span><\/div><article class=\"article-icon-entry \"  itemscope=\"itemscope\" itemtype=\"https:\/\/schema.org\/CreativeWork\" ><div class=\"iconlist_content_wrap\"><header class=\"entry-content-header\" aria-label=\"Icoon: \"><\/header><div class='iconlist_content '  itemprop=\"text\" ><h4>Huishoudelijk reglement<\/h4>\n<div  class='avia-button-wrap av-33ved8-44283718380f910990e595d8bbe54f49-wrap avia-button-left  avia-builder-el-8  avia-builder-el-no-sibling '>\n<style type=\"text\/css\" data-created_by=\"avia_inline_auto\" id=\"style-css-av-33ved8-44283718380f910990e595d8bbe54f49\">\n#top #wrap_all .avia-button.av-33ved8-44283718380f910990e595d8bbe54f49{\nbackground-color:#36abe1;\nborder-color:#36abe1;\ncolor:#ffffff;\ntransition:all 0.4s ease-in-out;\n}\n#top #wrap_all .avia-button.av-33ved8-44283718380f910990e595d8bbe54f49 .avia-svg-icon svg:first-child{\nfill:#ffffff;\nstroke:#ffffff;\n}\n<\/style>\n<a href='https:\/\/campingdeplessac.fr\/wp-content\/uploads\/2023\/11\/Reglement-interieur-Camping-Etangs-Plessac.pdf'  class='avia-button av-33ved8-44283718380f910990e595d8bbe54f49 av-link-btn avia-icon_select-yes-right-icon avia-size-medium avia-position-left'  target=\"_blank\"  rel=\"noopener noreferrer\"  aria-label=\"Download\"><span class='avia_iconbox_title' >Download<\/span><span class='avia_button_icon avia_button_icon_right avia-iconfont avia-font-entypo-fontello' data-av_icon='\ue82d' data-av_iconfont='entypo-fontello' ><\/span><\/a><\/div>\n<\/div><\/div><footer class=\"entry-footer\"><\/footer><\/article><div class=\"iconlist-timeline\"><\/div><\/li>\n<\/ul><\/div><\/div><\/p>\n","protected":false},"excerpt":{"rendered":"","protected":false},"author":1,"featured_media":0,"parent":0,"menu_order":0,"comment_status":"closed","ping_status":"closed","template":"","meta":{"footnotes":""},"class_list":["post-4790","page","type-page","status-publish","hentry"],"yoast_head":"<!-- This site is optimized with the Yoast SEO plugin v27.2 - https:\/\/yoast.com\/product\/yoast-seo-wordpress\/ -->\n<title>Downloads - Camping**** Les \u00c9tangs de Plessac, p\u00eache en Dordogne, \u00e9tang de p\u00eache, piscine couverte et chauff\u00e9e<\/title>\n<meta name=\"robots\" content=\"index, follow, max-snippet:-1, max-image-preview:large, max-video-preview:-1\" \/>\n<link rel=\"canonical\" href=\"https:\/\/campingdeplessac.fr\/nl\/downloads-camping-brantome-dordogne-perigord\/\" \/>\n<meta property=\"og:locale\" content=\"nl_NL\" \/>\n<meta property=\"og:type\" content=\"article\" \/>\n<meta property=\"og:title\" content=\"Downloads - Camping**** Les \u00c9tangs de Plessac, p\u00eache en Dordogne, \u00e9tang de p\u00eache, piscine couverte et chauff\u00e9e\" \/>\n<meta property=\"og:url\" content=\"https:\/\/campingdeplessac.fr\/nl\/downloads-camping-brantome-dordogne-perigord\/\" \/>\n<meta property=\"og:site_name\" content=\"Camping**** Les \u00c9tangs de Plessac, p\u00eache en Dordogne, \u00e9tang de p\u00eache, piscine couverte et chauff\u00e9e\" \/>\n<meta property=\"article:modified_time\" content=\"2026-01-16T16:23:35+00:00\" \/>\n<meta name=\"twitter:card\" content=\"summary_large_image\" \/>\n<meta name=\"twitter:label1\" content=\"Geschatte leestijd\" \/>\n\t<meta name=\"twitter:data1\" content=\"1 minuut\" \/>\n<script type=\"application\/ld+json\" class=\"yoast-schema-graph\">{\"@context\":\"https:\/\/schema.org\",\"@graph\":[{\"@type\":\"WebPage\",\"@id\":\"https:\/\/campingdeplessac.fr\/nl\/downloads-camping-brantome-dordogne-perigord\/\",\"url\":\"https:\/\/campingdeplessac.fr\/nl\/downloads-camping-brantome-dordogne-perigord\/\",\"name\":\"Downloads - Camping**** Les \u00c9tangs de Plessac, p\u00eache en Dordogne, \u00e9tang de p\u00eache, piscine couverte et chauff\u00e9e\",\"isPartOf\":{\"@id\":\"https:\/\/campingdeplessac.fr\/#website\"},\"datePublished\":\"2020-12-18T14:29:17+00:00\",\"dateModified\":\"2026-01-16T16:23:35+00:00\",\"breadcrumb\":{\"@id\":\"https:\/\/campingdeplessac.fr\/nl\/downloads-camping-brantome-dordogne-perigord\/#breadcrumb\"},\"inLanguage\":\"nl-NL\",\"potentialAction\":[{\"@type\":\"ReadAction\",\"target\":[\"https:\/\/campingdeplessac.fr\/nl\/downloads-camping-brantome-dordogne-perigord\/\"]}]},{\"@type\":\"BreadcrumbList\",\"@id\":\"https:\/\/campingdeplessac.fr\/nl\/downloads-camping-brantome-dordogne-perigord\/#breadcrumb\",\"itemListElement\":[{\"@type\":\"ListItem\",\"position\":1,\"name\":\"Accueil\",\"item\":\"https:\/\/campingdeplessac.fr\/nl\/\"},{\"@type\":\"ListItem\",\"position\":2,\"name\":\"Downloads\"}]},{\"@type\":\"WebSite\",\"@id\":\"https:\/\/campingdeplessac.fr\/#website\",\"url\":\"https:\/\/campingdeplessac.fr\/\",\"name\":\"Camping**** Les \u00c9tangs de Plessac, p\u00eache en Dordogne, \u00e9tang de p\u00eache, piscine couverte et chauff\u00e9e\",\"description\":\"Camping en bord d&#039;\u00e9tangs de p\u00eache en Dordogne P\u00e9rigord pr\u00e8s de Brant\u00f4me\",\"publisher\":{\"@id\":\"https:\/\/campingdeplessac.fr\/#organization\"},\"potentialAction\":[{\"@type\":\"SearchAction\",\"target\":{\"@type\":\"EntryPoint\",\"urlTemplate\":\"https:\/\/campingdeplessac.fr\/?s={search_term_string}\"},\"query-input\":{\"@type\":\"PropertyValueSpecification\",\"valueRequired\":true,\"valueName\":\"search_term_string\"}}],\"inLanguage\":\"nl-NL\"},{\"@type\":\"Organization\",\"@id\":\"https:\/\/campingdeplessac.fr\/#organization\",\"name\":\"Camping Paradis Les \u00c9tangs de Plessac\",\"url\":\"https:\/\/campingdeplessac.fr\/\",\"logo\":{\"@type\":\"ImageObject\",\"inLanguage\":\"nl-NL\",\"@id\":\"https:\/\/campingdeplessac.fr\/#\/schema\/logo\/image\/\",\"url\":\"https:\/\/campingdeplessac.fr\/wp-content\/uploads\/2020\/12\/logo-200x140px.png\",\"contentUrl\":\"https:\/\/campingdeplessac.fr\/wp-content\/uploads\/2020\/12\/logo-200x140px.png\",\"width\":200,\"height\":140,\"caption\":\"Camping Paradis Les \u00c9tangs de Plessac\"},\"image\":{\"@id\":\"https:\/\/campingdeplessac.fr\/#\/schema\/logo\/image\/\"}}]}<\/script>\n<!-- \/ Yoast SEO plugin. -->","yoast_head_json":{"title":"Downloads - Camping**** Les \u00c9tangs de Plessac, p\u00eache en Dordogne, \u00e9tang de p\u00eache, piscine couverte et chauff\u00e9e","robots":{"index":"index","follow":"follow","max-snippet":"max-snippet:-1","max-image-preview":"max-image-preview:large","max-video-preview":"max-video-preview:-1"},"canonical":"https:\/\/campingdeplessac.fr\/nl\/downloads-camping-brantome-dordogne-perigord\/","og_locale":"nl_NL","og_type":"article","og_title":"Downloads - Camping**** Les \u00c9tangs de Plessac, p\u00eache en Dordogne, \u00e9tang de p\u00eache, piscine couverte et chauff\u00e9e","og_url":"https:\/\/campingdeplessac.fr\/nl\/downloads-camping-brantome-dordogne-perigord\/","og_site_name":"Camping**** Les \u00c9tangs de Plessac, p\u00eache en Dordogne, \u00e9tang de p\u00eache, piscine couverte et chauff\u00e9e","article_modified_time":"2026-01-16T16:23:35+00:00","twitter_card":"summary_large_image","twitter_misc":{"Geschatte leestijd":"1 minuut"},"schema":{"@context":"https:\/\/schema.org","@graph":[{"@type":"WebPage","@id":"https:\/\/campingdeplessac.fr\/nl\/downloads-camping-brantome-dordogne-perigord\/","url":"https:\/\/campingdeplessac.fr\/nl\/downloads-camping-brantome-dordogne-perigord\/","name":"Downloads - Camping**** Les \u00c9tangs de Plessac, p\u00eache en Dordogne, \u00e9tang de p\u00eache, piscine couverte et chauff\u00e9e","isPartOf":{"@id":"https:\/\/campingdeplessac.fr\/#website"},"datePublished":"2020-12-18T14:29:17+00:00","dateModified":"2026-01-16T16:23:35+00:00","breadcrumb":{"@id":"https:\/\/campingdeplessac.fr\/nl\/downloads-camping-brantome-dordogne-perigord\/#breadcrumb"},"inLanguage":"nl-NL","potentialAction":[{"@type":"ReadAction","target":["https:\/\/campingdeplessac.fr\/nl\/downloads-camping-brantome-dordogne-perigord\/"]}]},{"@type":"BreadcrumbList","@id":"https:\/\/campingdeplessac.fr\/nl\/downloads-camping-brantome-dordogne-perigord\/#breadcrumb","itemListElement":[{"@type":"ListItem","position":1,"name":"Accueil","item":"https:\/\/campingdeplessac.fr\/nl\/"},{"@type":"ListItem","position":2,"name":"Downloads"}]},{"@type":"WebSite","@id":"https:\/\/campingdeplessac.fr\/#website","url":"https:\/\/campingdeplessac.fr\/","name":"Camping**** Les \u00c9tangs de Plessac, p\u00eache en Dordogne, \u00e9tang de p\u00eache, piscine couverte et chauff\u00e9e","description":"Camping en bord d&#039;\u00e9tangs de p\u00eache en Dordogne P\u00e9rigord pr\u00e8s de Brant\u00f4me","publisher":{"@id":"https:\/\/campingdeplessac.fr\/#organization"},"potentialAction":[{"@type":"SearchAction","target":{"@type":"EntryPoint","urlTemplate":"https:\/\/campingdeplessac.fr\/?s={search_term_string}"},"query-input":{"@type":"PropertyValueSpecification","valueRequired":true,"valueName":"search_term_string"}}],"inLanguage":"nl-NL"},{"@type":"Organization","@id":"https:\/\/campingdeplessac.fr\/#organization","name":"Camping Paradis Les \u00c9tangs de Plessac","url":"https:\/\/campingdeplessac.fr\/","logo":{"@type":"ImageObject","inLanguage":"nl-NL","@id":"https:\/\/campingdeplessac.fr\/#\/schema\/logo\/image\/","url":"https:\/\/campingdeplessac.fr\/wp-content\/uploads\/2020\/12\/logo-200x140px.png","contentUrl":"https:\/\/campingdeplessac.fr\/wp-content\/uploads\/2020\/12\/logo-200x140px.png","width":200,"height":140,"caption":"Camping Paradis Les \u00c9tangs de Plessac"},"image":{"@id":"https:\/\/campingdeplessac.fr\/#\/schema\/logo\/image\/"}}]}},"_links":{"self":[{"href":"https:\/\/campingdeplessac.fr\/nl\/wp-json\/wp\/v2\/pages\/4790","targetHints":{"allow":["GET"]}}],"collection":[{"href":"https:\/\/campingdeplessac.fr\/nl\/wp-json\/wp\/v2\/pages"}],"about":[{"href":"https:\/\/campingdeplessac.fr\/nl\/wp-json\/wp\/v2\/types\/page"}],"author":[{"embeddable":true,"href":"https:\/\/campingdeplessac.fr\/nl\/wp-json\/wp\/v2\/users\/1"}],"replies":[{"embeddable":true,"href":"https:\/\/campingdeplessac.fr\/nl\/wp-json\/wp\/v2\/comments?post=4790"}],"version-history":[{"count":2,"href":"https:\/\/campingdeplessac.fr\/nl\/wp-json\/wp\/v2\/pages\/4790\/revisions"}],"predecessor-version":[{"id":5371,"href":"https:\/\/campingdeplessac.fr\/nl\/wp-json\/wp\/v2\/pages\/4790\/revisions\/5371"}],"wp:attachment":[{"href":"https:\/\/campingdeplessac.fr\/nl\/wp-json\/wp\/v2\/media?parent=4790"}],"curies":[{"name":"wp","href":"https:\/\/api.w.org\/{rel}","templated":true}]}}