{"id":2770,"date":"2020-12-18T15:29:17","date_gmt":"2020-12-18T14:29:17","guid":{"rendered":"https:\/\/campingdeplessac.fr\/telechargements\/"},"modified":"2026-01-16T17:22:59","modified_gmt":"2026-01-16T16:22:59","slug":"downloads-documents-campsite-brantome-dordogne-perigord","status":"publish","type":"page","link":"https:\/\/campingdeplessac.fr\/en\/downloads-documents-campsite-brantome-dordogne-perigord\/","title":{"rendered":"Downloads"},"content":{"rendered":"\n<style type=\"text\/css\" data-created_by=\"avia_inline_auto\" id=\"style-css-av-an9fdu-b3368272feaa0c918341b45b9b63afc0\">\n#top .av-special-heading.av-an9fdu-b3368272feaa0c918341b45b9b63afc0{\npadding-bottom:10px;\n}\nbody .av-special-heading.av-an9fdu-b3368272feaa0c918341b45b9b63afc0 .av-special-heading-tag .heading-char{\nfont-size:25px;\n}\n.av-special-heading.av-an9fdu-b3368272feaa0c918341b45b9b63afc0 .av-subheading{\nfont-size:15px;\n}\n<\/style>\n<div  class='av-special-heading av-an9fdu-b3368272feaa0c918341b45b9b63afc0 av-special-heading-h2  avia-builder-el-0  el_before_av_hr  avia-builder-el-first  av-linked-heading'><h2 class='av-special-heading-tag '  itemprop=\"headline\"  >Downloads<\/h2><div class=\"special-heading-border\"><div class=\"special-heading-inner-border\"><\/div><\/div><\/div>\n\n<style type=\"text\/css\" data-created_by=\"avia_inline_auto\" id=\"style-css-av-k20ydzfp-6637767fbe221d41bfb607e1855f2e97\">\n#top .hr.hr-invisible.av-k20ydzfp-6637767fbe221d41bfb607e1855f2e97{\nheight:10px;\n}\n<\/style>\n<div  class='hr av-k20ydzfp-6637767fbe221d41bfb607e1855f2e97 hr-invisible  avia-builder-el-1  el_after_av_heading  el_before_av_one_half '><span class='hr-inner '><span class=\"hr-inner-style\"><\/span><\/span><\/div>\n\n<style type=\"text\/css\" data-created_by=\"avia_inline_auto\" id=\"style-css-av-ckanw-ddea04539cd5a29f4d954d308ec367a1\">\n.flex_column.av-ckanw-ddea04539cd5a29f4d954d308ec367a1{\nborder-radius:0px 0px 0px 0px;\npadding:0px 0px 0px 0px;\n}\n<\/style>\n<div  class='flex_column av-ckanw-ddea04539cd5a29f4d954d308ec367a1 av_one_half  avia-builder-el-2  el_after_av_hr  el_before_av_one_half  first flex_column_div av-zero-column-padding  '     ><style type=\"text\/css\" data-created_by=\"avia_inline_auto\" id=\"style-css-av-kiudzix2-c48d0e346ec9927cac7f52abbfac1d78\">\n#top .avia-icon-list-container.av-kiudzix2-c48d0e346ec9927cac7f52abbfac1d78 .iconlist_icon{\ncolor:#006c9b;\nbackground-color:#fad91a;\n}\n#top .avia-icon-list-container.av-kiudzix2-c48d0e346ec9927cac7f52abbfac1d78 .iconlist_icon svg:first-child{\nstroke:#006c9b;\nfill:#006c9b;\n}\n<\/style>\n<div  class='avia-icon-list-container av-kiudzix2-c48d0e346ec9927cac7f52abbfac1d78  avia-builder-el-3  avia-builder-el-no-sibling '><ul class='avia-icon-list avia_animate_when_almost_visible avia-icon-list-left av-iconlist-big av-kiudzix2-c48d0e346ec9927cac7f52abbfac1d78 avia-iconlist-animate'>\n<li><div class='iconlist_icon av-uuqpe-6bbe96aa2b67c5ee0d2dfade7d771e50 avia-font-entypo-fontello avia-iconfont avia-font-entypo-fontello'><span class='av-icon-char' data-av_icon='\ue832' data-av_iconfont='entypo-fontello' aria-hidden=\"true\"><\/span><\/div><article class=\"article-icon-entry \"  itemscope=\"itemscope\" itemtype=\"https:\/\/schema.org\/CreativeWork\" ><div class=\"iconlist_content_wrap\"><header class=\"entry-content-header\" aria-label=\"Icon: \"><\/header><div class='iconlist_content '  itemprop=\"text\" ><h4>Rental contract<\/h4>\n<div  class='avia-button-wrap av-1v368s-baa4c9f2a6b78c1dd3f9e2d8f715f8de-wrap avia-button-left  avia-builder-el-4  el_before_av_button  avia-builder-el-first '>\n<style type=\"text\/css\" data-created_by=\"avia_inline_auto\" id=\"style-css-av-1v368s-baa4c9f2a6b78c1dd3f9e2d8f715f8de\">\n#top #wrap_all .avia-button.av-1v368s-baa4c9f2a6b78c1dd3f9e2d8f715f8de{\nbackground-color:#36abe1;\nborder-color:#36abe1;\ncolor:#ffffff;\ntransition:all 0.4s ease-in-out;\n}\n#top #wrap_all .avia-button.av-1v368s-baa4c9f2a6b78c1dd3f9e2d8f715f8de .avia-svg-icon svg:first-child{\nfill:#ffffff;\nstroke:#ffffff;\n}\n<\/style>\n<a href='https:\/\/campingdeplessac.fr\/wp-content\/uploads\/2025\/10\/Contrat-location-Camping-Les-Etangs-Plessac-2026.pdf'  class='avia-button av-1v368s-baa4c9f2a6b78c1dd3f9e2d8f715f8de av-link-btn avia-icon_select-yes-right-icon avia-size-medium avia-position-left'  target=\"_blank\"  rel=\"noopener noreferrer\"  aria-label=\"Download\"><span class='avia_iconbox_title' >Download<\/span><span class='avia_button_icon avia_button_icon_right avia-iconfont avia-font-entypo-fontello' data-av_icon='\ue82d' data-av_iconfont='entypo-fontello' ><\/span><\/a><\/div>\n<\/div><\/div><footer class=\"entry-footer\"><\/footer><\/article><div class=\"iconlist-timeline\"><\/div><\/li>\n<li><div class='iconlist_icon av-82ylgy-70ec662fe9fa7d712414164c5c4f7aea avia-font-entypo-fontello avia-iconfont avia-font-entypo-fontello'><span class='av-icon-char' data-av_icon='\ue832' data-av_iconfont='entypo-fontello' aria-hidden=\"true\"><\/span><\/div><article class=\"article-icon-entry \"  itemscope=\"itemscope\" itemtype=\"https:\/\/schema.org\/CreativeWork\" ><div class=\"iconlist_content_wrap\"><header class=\"entry-content-header\" aria-label=\"Icon: \"><\/header><div class='iconlist_content '  itemprop=\"text\" ><h4>General terms of sale<\/h4>\n<div  class='avia-button-wrap av-1v368s-4-4550fa8a99034129a7d5ee47c3e0c9e4-wrap avia-button-left  avia-builder-el-5  el_after_av_button  avia-builder-el-last '>\n<style type=\"text\/css\" data-created_by=\"avia_inline_auto\" id=\"style-css-av-1v368s-4-4550fa8a99034129a7d5ee47c3e0c9e4\">\n#top #wrap_all .avia-button.av-1v368s-4-4550fa8a99034129a7d5ee47c3e0c9e4{\nbackground-color:#36abe1;\nborder-color:#36abe1;\ncolor:#ffffff;\ntransition:all 0.4s ease-in-out;\n}\n#top #wrap_all .avia-button.av-1v368s-4-4550fa8a99034129a7d5ee47c3e0c9e4 .avia-svg-icon svg:first-child{\nfill:#ffffff;\nstroke:#ffffff;\n}\n<\/style>\n<a href='https:\/\/campingdeplessac.fr\/wp-content\/uploads\/2026\/01\/TC-Etangs-de-Plessac-EN.pdf'  class='avia-button av-1v368s-4-4550fa8a99034129a7d5ee47c3e0c9e4 av-link-btn avia-icon_select-yes-right-icon avia-size-medium avia-position-left'  target=\"_blank\"  rel=\"noopener noreferrer\"  aria-label=\"Download\"><span class='avia_iconbox_title' >Download<\/span><span class='avia_button_icon avia_button_icon_right avia-iconfont avia-font-entypo-fontello' data-av_icon='\ue82d' data-av_iconfont='entypo-fontello' ><\/span><\/a><\/div>\n<\/div><\/div><footer class=\"entry-footer\"><\/footer><\/article><div class=\"iconlist-timeline\"><\/div><\/li>\n<\/ul><\/div><\/div>\n<style type=\"text\/css\" data-created_by=\"avia_inline_auto\" id=\"style-css-av-5cjuw2-18426d1d5a76bc0d69e9c09c96f852bc\">\n.flex_column.av-5cjuw2-18426d1d5a76bc0d69e9c09c96f852bc{\nborder-radius:0px 0px 0px 0px;\npadding:0px 0px 0px 0px;\n}\n<\/style>\n<div  class='flex_column av-5cjuw2-18426d1d5a76bc0d69e9c09c96f852bc av_one_half  avia-builder-el-6  el_after_av_one_half  avia-builder-el-last  flex_column_div av-zero-column-padding  '     ><style type=\"text\/css\" data-created_by=\"avia_inline_auto\" id=\"style-css-av-lr4mxbuf-2c924eece95ddcea6fdec9a80af3a72e\">\n#top .avia-icon-list-container.av-lr4mxbuf-2c924eece95ddcea6fdec9a80af3a72e .iconlist_icon{\ncolor:#006c9b;\nbackground-color:#fad91a;\n}\n#top .avia-icon-list-container.av-lr4mxbuf-2c924eece95ddcea6fdec9a80af3a72e .iconlist_icon svg:first-child{\nstroke:#006c9b;\nfill:#006c9b;\n}\n<\/style>\n<div  class='avia-icon-list-container av-lr4mxbuf-2c924eece95ddcea6fdec9a80af3a72e  avia-builder-el-7  avia-builder-el-no-sibling '><ul class='avia-icon-list avia_animate_when_almost_visible avia-icon-list-left av-iconlist-big av-lr4mxbuf-2c924eece95ddcea6fdec9a80af3a72e avia-iconlist-animate'>\n<li><div class='iconlist_icon av-4w7xrm-2-6c59c57cfed31b809996dd0c60006b85 avia-font-entypo-fontello avia-iconfont avia-font-entypo-fontello'><span class='av-icon-char' data-av_icon='\ue832' data-av_iconfont='entypo-fontello' aria-hidden=\"true\"><\/span><\/div><article class=\"article-icon-entry \"  itemscope=\"itemscope\" itemtype=\"https:\/\/schema.org\/CreativeWork\" ><div class=\"iconlist_content_wrap\"><header class=\"entry-content-header\" aria-label=\"Icon: \"><\/header><div class='iconlist_content '  itemprop=\"text\" ><h4>Internal rules<\/h4>\n<div  class='avia-button-wrap av-31egjm-1-41fad765c943408d688e6179782a2d71-wrap avia-button-left  avia-builder-el-8  avia-builder-el-no-sibling '>\n<style type=\"text\/css\" data-created_by=\"avia_inline_auto\" id=\"style-css-av-31egjm-1-41fad765c943408d688e6179782a2d71\">\n#top #wrap_all .avia-button.av-31egjm-1-41fad765c943408d688e6179782a2d71{\nbackground-color:#36abe1;\nborder-color:#36abe1;\ncolor:#ffffff;\ntransition:all 0.4s ease-in-out;\n}\n#top #wrap_all .avia-button.av-31egjm-1-41fad765c943408d688e6179782a2d71 .avia-svg-icon svg:first-child{\nfill:#ffffff;\nstroke:#ffffff;\n}\n<\/style>\n<a href='https:\/\/campingdeplessac.fr\/wp-content\/uploads\/2023\/11\/Reglement-interieur-Camping-Etangs-Plessac.pdf'  class='avia-button av-31egjm-1-41fad765c943408d688e6179782a2d71 av-link-btn avia-icon_select-yes-right-icon avia-size-medium avia-position-left'  target=\"_blank\"  rel=\"noopener noreferrer\"  aria-label=\"Download\"><span class='avia_iconbox_title' >Download<\/span><span class='avia_button_icon avia_button_icon_right avia-iconfont avia-font-entypo-fontello' data-av_icon='\ue82d' data-av_iconfont='entypo-fontello' ><\/span><\/a><\/div>\n<\/div><\/div><footer class=\"entry-footer\"><\/footer><\/article><div class=\"iconlist-timeline\"><\/div><\/li>\n<\/ul><\/div><\/div><\/p>\n","protected":false},"excerpt":{"rendered":"","protected":false},"author":1,"featured_media":0,"parent":0,"menu_order":0,"comment_status":"closed","ping_status":"closed","template":"","meta":{"footnotes":""},"class_list":["post-2770","page","type-page","status-publish","hentry"],"yoast_head":"<!-- This site is optimized with the Yoast SEO plugin v27.2 - https:\/\/yoast.com\/product\/yoast-seo-wordpress\/ -->\n<title>Downloads - Camping Paradis Les \u00c9tangs de Plessac<\/title>\n<meta name=\"robots\" content=\"index, follow, max-snippet:-1, max-image-preview:large, max-video-preview:-1\" \/>\n<link rel=\"canonical\" href=\"https:\/\/campingdeplessac.fr\/en\/downloads-documents-campsite-brantome-dordogne-perigord\/\" \/>\n<meta property=\"og:locale\" content=\"en_US\" \/>\n<meta property=\"og:type\" content=\"article\" \/>\n<meta property=\"og:title\" content=\"Downloads - Camping Paradis Les \u00c9tangs de Plessac\" \/>\n<meta property=\"og:url\" content=\"https:\/\/campingdeplessac.fr\/en\/downloads-documents-campsite-brantome-dordogne-perigord\/\" \/>\n<meta property=\"og:site_name\" content=\"Camping Paradis Les \u00c9tangs de Plessac\" \/>\n<meta property=\"article:modified_time\" content=\"2026-01-16T16:22:59+00:00\" \/>\n<meta name=\"twitter:card\" content=\"summary_large_image\" \/>\n<meta name=\"twitter:label1\" content=\"Est. reading time\" \/>\n\t<meta name=\"twitter:data1\" content=\"1 minute\" \/>\n<script type=\"application\/ld+json\" class=\"yoast-schema-graph\">{\"@context\":\"https:\/\/schema.org\",\"@graph\":[{\"@type\":\"WebPage\",\"@id\":\"https:\/\/campingdeplessac.fr\/en\/downloads-documents-campsite-brantome-dordogne-perigord\/\",\"url\":\"https:\/\/campingdeplessac.fr\/en\/downloads-documents-campsite-brantome-dordogne-perigord\/\",\"name\":\"Downloads - Camping Paradis Les \u00c9tangs de Plessac\",\"isPartOf\":{\"@id\":\"https:\/\/campingdeplessac.fr\/#website\"},\"datePublished\":\"2020-12-18T14:29:17+00:00\",\"dateModified\":\"2026-01-16T16:22:59+00:00\",\"breadcrumb\":{\"@id\":\"https:\/\/campingdeplessac.fr\/en\/downloads-documents-campsite-brantome-dordogne-perigord\/#breadcrumb\"},\"inLanguage\":\"en-US\",\"potentialAction\":[{\"@type\":\"ReadAction\",\"target\":[\"https:\/\/campingdeplessac.fr\/en\/downloads-documents-campsite-brantome-dordogne-perigord\/\"]}]},{\"@type\":\"BreadcrumbList\",\"@id\":\"https:\/\/campingdeplessac.fr\/en\/downloads-documents-campsite-brantome-dordogne-perigord\/#breadcrumb\",\"itemListElement\":[{\"@type\":\"ListItem\",\"position\":1,\"name\":\"Accueil\",\"item\":\"https:\/\/campingdeplessac.fr\/en\/\"},{\"@type\":\"ListItem\",\"position\":2,\"name\":\"Downloads\"}]},{\"@type\":\"WebSite\",\"@id\":\"https:\/\/campingdeplessac.fr\/#website\",\"url\":\"https:\/\/campingdeplessac.fr\/\",\"name\":\"Camping Paradis Les \u00c9tangs de Plessac\",\"description\":\"Camping en Dordogne P\u00e9rigord pr\u00e8s de Brant\u00f4me\",\"publisher\":{\"@id\":\"https:\/\/campingdeplessac.fr\/#organization\"},\"potentialAction\":[{\"@type\":\"SearchAction\",\"target\":{\"@type\":\"EntryPoint\",\"urlTemplate\":\"https:\/\/campingdeplessac.fr\/?s={search_term_string}\"},\"query-input\":{\"@type\":\"PropertyValueSpecification\",\"valueRequired\":true,\"valueName\":\"search_term_string\"}}],\"inLanguage\":\"en-US\"},{\"@type\":\"Organization\",\"@id\":\"https:\/\/campingdeplessac.fr\/#organization\",\"name\":\"Camping Paradis Les \u00c9tangs de Plessac\",\"url\":\"https:\/\/campingdeplessac.fr\/\",\"logo\":{\"@type\":\"ImageObject\",\"inLanguage\":\"en-US\",\"@id\":\"https:\/\/campingdeplessac.fr\/#\/schema\/logo\/image\/\",\"url\":\"https:\/\/campingdeplessac.fr\/wp-content\/uploads\/2020\/12\/logo-200x140px.png\",\"contentUrl\":\"https:\/\/campingdeplessac.fr\/wp-content\/uploads\/2020\/12\/logo-200x140px.png\",\"width\":200,\"height\":140,\"caption\":\"Camping Paradis Les \u00c9tangs de Plessac\"},\"image\":{\"@id\":\"https:\/\/campingdeplessac.fr\/#\/schema\/logo\/image\/\"}}]}<\/script>\n<!-- \/ Yoast SEO plugin. -->","yoast_head_json":{"title":"Downloads - Camping Paradis Les \u00c9tangs de Plessac","robots":{"index":"index","follow":"follow","max-snippet":"max-snippet:-1","max-image-preview":"max-image-preview:large","max-video-preview":"max-video-preview:-1"},"canonical":"https:\/\/campingdeplessac.fr\/en\/downloads-documents-campsite-brantome-dordogne-perigord\/","og_locale":"en_US","og_type":"article","og_title":"Downloads - Camping Paradis Les \u00c9tangs de Plessac","og_url":"https:\/\/campingdeplessac.fr\/en\/downloads-documents-campsite-brantome-dordogne-perigord\/","og_site_name":"Camping Paradis Les \u00c9tangs de Plessac","article_modified_time":"2026-01-16T16:22:59+00:00","twitter_card":"summary_large_image","twitter_misc":{"Est. reading time":"1 minute"},"schema":{"@context":"https:\/\/schema.org","@graph":[{"@type":"WebPage","@id":"https:\/\/campingdeplessac.fr\/en\/downloads-documents-campsite-brantome-dordogne-perigord\/","url":"https:\/\/campingdeplessac.fr\/en\/downloads-documents-campsite-brantome-dordogne-perigord\/","name":"Downloads - Camping Paradis Les \u00c9tangs de Plessac","isPartOf":{"@id":"https:\/\/campingdeplessac.fr\/#website"},"datePublished":"2020-12-18T14:29:17+00:00","dateModified":"2026-01-16T16:22:59+00:00","breadcrumb":{"@id":"https:\/\/campingdeplessac.fr\/en\/downloads-documents-campsite-brantome-dordogne-perigord\/#breadcrumb"},"inLanguage":"en-US","potentialAction":[{"@type":"ReadAction","target":["https:\/\/campingdeplessac.fr\/en\/downloads-documents-campsite-brantome-dordogne-perigord\/"]}]},{"@type":"BreadcrumbList","@id":"https:\/\/campingdeplessac.fr\/en\/downloads-documents-campsite-brantome-dordogne-perigord\/#breadcrumb","itemListElement":[{"@type":"ListItem","position":1,"name":"Accueil","item":"https:\/\/campingdeplessac.fr\/en\/"},{"@type":"ListItem","position":2,"name":"Downloads"}]},{"@type":"WebSite","@id":"https:\/\/campingdeplessac.fr\/#website","url":"https:\/\/campingdeplessac.fr\/","name":"Camping Paradis Les \u00c9tangs de Plessac","description":"Camping en Dordogne P\u00e9rigord pr\u00e8s de Brant\u00f4me","publisher":{"@id":"https:\/\/campingdeplessac.fr\/#organization"},"potentialAction":[{"@type":"SearchAction","target":{"@type":"EntryPoint","urlTemplate":"https:\/\/campingdeplessac.fr\/?s={search_term_string}"},"query-input":{"@type":"PropertyValueSpecification","valueRequired":true,"valueName":"search_term_string"}}],"inLanguage":"en-US"},{"@type":"Organization","@id":"https:\/\/campingdeplessac.fr\/#organization","name":"Camping Paradis Les \u00c9tangs de Plessac","url":"https:\/\/campingdeplessac.fr\/","logo":{"@type":"ImageObject","inLanguage":"en-US","@id":"https:\/\/campingdeplessac.fr\/#\/schema\/logo\/image\/","url":"https:\/\/campingdeplessac.fr\/wp-content\/uploads\/2020\/12\/logo-200x140px.png","contentUrl":"https:\/\/campingdeplessac.fr\/wp-content\/uploads\/2020\/12\/logo-200x140px.png","width":200,"height":140,"caption":"Camping Paradis Les \u00c9tangs de Plessac"},"image":{"@id":"https:\/\/campingdeplessac.fr\/#\/schema\/logo\/image\/"}}]}},"_links":{"self":[{"href":"https:\/\/campingdeplessac.fr\/en\/wp-json\/wp\/v2\/pages\/2770","targetHints":{"allow":["GET"]}}],"collection":[{"href":"https:\/\/campingdeplessac.fr\/en\/wp-json\/wp\/v2\/pages"}],"about":[{"href":"https:\/\/campingdeplessac.fr\/en\/wp-json\/wp\/v2\/types\/page"}],"author":[{"embeddable":true,"href":"https:\/\/campingdeplessac.fr\/en\/wp-json\/wp\/v2\/users\/1"}],"replies":[{"embeddable":true,"href":"https:\/\/campingdeplessac.fr\/en\/wp-json\/wp\/v2\/comments?post=2770"}],"version-history":[{"count":3,"href":"https:\/\/campingdeplessac.fr\/en\/wp-json\/wp\/v2\/pages\/2770\/revisions"}],"predecessor-version":[{"id":5370,"href":"https:\/\/campingdeplessac.fr\/en\/wp-json\/wp\/v2\/pages\/2770\/revisions\/5370"}],"wp:attachment":[{"href":"https:\/\/campingdeplessac.fr\/en\/wp-json\/wp\/v2\/media?parent=2770"}],"curies":[{"name":"wp","href":"https:\/\/api.w.org\/{rel}","templated":true}]}}