{"id":2756,"date":"2019-10-16T17:28:24","date_gmt":"2019-10-16T15:28:24","guid":{"rendered":"https:\/\/campingdeplessac.fr\/situation-contact\/"},"modified":"2026-01-15T15:33:52","modified_gmt":"2026-01-15T14:33:52","slug":"location-contact-campsite-brantome-dordogne-perigord","status":"publish","type":"page","link":"https:\/\/campingdeplessac.fr\/en\/location-contact-campsite-brantome-dordogne-perigord\/","title":{"rendered":"Location-Contact"},"content":{"rendered":"<div  class='av_gmaps_sc_main_wrap av_gmaps_main_wrap '><div id='av_gmap_0' class='avia-google-map-container avia-google-map-sc av_gmaps_show_unconditionally av-no-fallback-img ' data-mapid='av_gmap_0'  style='height: 400px;'><a class=\"av_gmaps_browser_disabled av_text_confirm_link av_text_confirm_link_visible\" href=\"https:\/\/www.google.com\/maps\/search\/?api=1&#038;query=Les%20Etangs%20de%20Plessac%2024340%20Saint-F\u00e9lix%20de%20Bourdeilles%20%20France\" target=\"_blank\">Maps were disabled by the visitor on this site. Click to open the map in a new window.<\/a><\/div><\/div>\n\n<style type=\"text\/css\" data-created_by=\"avia_inline_auto\" id=\"style-css-av-8r6ra-0fc1f95e11ad70024f6704e06ee3a245\">\n.avia-section.av-8r6ra-0fc1f95e11ad70024f6704e06ee3a245{\nbackground-color:#ffffff;\nbackground-image:unset;\nmargin-top:0px;\nmargin-bottom:0px;\n}\n<\/style>\n<div id='av_section_1'  class='avia-section av-8r6ra-0fc1f95e11ad70024f6704e06ee3a245 main_color avia-section-default avia-no-border-styling  avia-builder-el-1  el_after_av_google_map  avia-builder-el-last  avia-bg-style-scroll container_wrap sidebar_right'  ><div class='container av-section-cont-open' ><div class='template-page content  av-content-small alpha units'><div class='post-entry post-entry-type-page post-entry-2756'><div class='entry-content-wrapper clearfix'>\n<div class='flex_column_table av-7xqne-a32537aeb7f611fcd1c0f745c4f99097 sc-av_two_fifth av-equal-height-column-flextable'>\n<style type=\"text\/css\" data-created_by=\"avia_inline_auto\" id=\"style-css-av-7xqne-a32537aeb7f611fcd1c0f745c4f99097\">\n#top .flex_column_table.av-equal-height-column-flextable.av-7xqne-a32537aeb7f611fcd1c0f745c4f99097{\nmargin-top:0px;\nmargin-bottom:0px;\n}\n.flex_column.av-7xqne-a32537aeb7f611fcd1c0f745c4f99097{\nborder-radius:0px 0px 0px 0px;\npadding:30px 30px 30px 30px;\nbackground-color:#ffffff;\n}\n<\/style>\n<div  class='flex_column av-7xqne-a32537aeb7f611fcd1c0f745c4f99097 av_two_fifth  avia-builder-el-2  el_before_av_one_half  avia-builder-el-first  first no_margin flex_column_table_cell av-equal-height-column av-align-top  '     ><p>\n<style type=\"text\/css\" data-created_by=\"avia_inline_auto\" id=\"style-css-av-k2ak035k-b7d6b565b0774c2ed7c10392fadaeb6b\">\n.avia-image-container.av-k2ak035k-b7d6b565b0774c2ed7c10392fadaeb6b img.avia_image{\nbox-shadow:none;\n}\n.avia-image-container.av-k2ak035k-b7d6b565b0774c2ed7c10392fadaeb6b .av-image-caption-overlay-center{\ncolor:#ffffff;\n}\n<\/style>\n<div  class='avia-image-container av-k2ak035k-b7d6b565b0774c2ed7c10392fadaeb6b av-styling- avia_animated_image av-animated-when-visible-95 pop-up avia-align-center  avia-builder-el-3  el_before_av_textblock  avia-builder-el-first '   itemprop=\"image\" itemscope=\"itemscope\" itemtype=\"https:\/\/schema.org\/ImageObject\" ><div class=\"avia-image-container-inner\"><div class=\"avia-image-overlay-wrap\"><img decoding=\"async\" fetchpriority=\"high\" class='wp-image-4355 avia-img-lazy-loading-not-4355 avia_image ' src=\"https:\/\/campingdeplessac.fr\/wp-content\/uploads\/2023\/10\/logo-etangs-de-plessac-footer-300x204.jpg\" alt='' title='logo-etangs-de-plessac-footer'  height=\"204\" width=\"300\"  itemprop=\"thumbnailUrl\" srcset=\"https:\/\/campingdeplessac.fr\/wp-content\/uploads\/2023\/10\/logo-etangs-de-plessac-footer-300x204.jpg 300w, https:\/\/campingdeplessac.fr\/wp-content\/uploads\/2023\/10\/logo-etangs-de-plessac-footer.jpg 400w\" sizes=\"(max-width: 300px) 100vw, 300px\" \/><\/div><\/div><\/div><br \/>\n<section  class='av_textblock_section av-6e3ka-08223ab7ab4608683048ec4ed66738dc '   itemscope=\"itemscope\" itemtype=\"https:\/\/schema.org\/CreativeWork\" ><div class='avia_textblock'  itemprop=\"text\" ><p style=\"text-align: center;\"><strong><span style=\"color: #006d98;\">OPENING OF THE CAMPSITE<\/span><\/strong><br \/>\n<strong><span style=\"color: #006d98;\">From April the 25th to September the 26th 2026 included<\/span><\/strong><\/p>\n<p style=\"text-align: center;\"><strong>Camping**** Les Etangs de Plessac<\/strong><br \/>\n<em>St\u00e9phanie and Laurent<\/em><br \/>\nF-24340 SAINT FELIX DE BOURDEILLES<br \/>\nFrance<\/p>\n<p style=\"text-align: center;\">Telephone: <a href=\"tel:++33524572620\"><strong>+33.524 572 620<\/strong><\/a><\/p>\n<p style=\"text-align: center;\">Email: <a href=\"mailto:campingdeplessac@addguests.com\"><strong>campingdeplessac@addguests.com<\/strong><\/a><\/p>\n<p style=\"text-align: center;\"><strong>GPS :<\/strong><br \/>\n45\u00b024\u201945.79\u2033N &#8211; 0\u00b034\u201923.65\u2033E<\/p>\n<p style=\"text-align: center;\"><a href=\"https:\/\/www.facebook.com\/campinglesetangsdeplessac\/\" target=\"_blank\" rel=\"noopener\"><img loading=\"lazy\" decoding=\"async\" class=\"alignnone wp-image-1753 size-full\" src=\"https:\/\/www.roquecombe.com\/wp-content\/uploads\/2019\/11\/logo-facebook.png\" alt=\"Facebook Etangs de Plessac\" width=\"44\" height=\"44\" srcset=\"https:\/\/campingdeplessac.fr\/wp-content\/uploads\/2019\/11\/logo-facebook.png 44w, https:\/\/campingdeplessac.fr\/wp-content\/uploads\/2019\/11\/logo-facebook-36x36.png 36w\" sizes=\"auto, (max-width: 44px) 100vw, 44px\" \/><\/a><\/p>\n<\/div><\/section><br \/>\n\n<style type=\"text\/css\" data-created_by=\"avia_inline_auto\" id=\"style-css-av-k2ajg57d-ba7fc15950cae2bcb5fca166ee6d6d2d\">\n.avia-image-container.av-k2ajg57d-ba7fc15950cae2bcb5fca166ee6d6d2d img.avia_image{\nbox-shadow:none;\n}\n.avia-image-container.av-k2ajg57d-ba7fc15950cae2bcb5fca166ee6d6d2d .av-image-caption-overlay-center{\ncolor:#ffffff;\n}\n<\/style>\n<div  class='avia-image-container av-k2ajg57d-ba7fc15950cae2bcb5fca166ee6d6d2d av-styling- avia-align-center  avia-builder-el-5  el_after_av_textblock  el_before_av_textblock '   itemprop=\"image\" itemscope=\"itemscope\" itemtype=\"https:\/\/schema.org\/ImageObject\" ><div class=\"avia-image-container-inner\"><div class=\"avia-image-overlay-wrap\"><img decoding=\"async\" fetchpriority=\"high\" class='wp-image-2767 avia-img-lazy-loading-not-2767 avia_image ' src=\"https:\/\/campingdeplessac.fr\/wp-content\/uploads\/2020\/12\/contact-etangs-plessac.jpg\" alt='Camping' title='contact-etangs-plessac'  height=\"552\" width=\"800\"  itemprop=\"thumbnailUrl\" srcset=\"https:\/\/campingdeplessac.fr\/wp-content\/uploads\/2020\/12\/contact-etangs-plessac.jpg 800w, https:\/\/campingdeplessac.fr\/wp-content\/uploads\/2020\/12\/contact-etangs-plessac-300x207.jpg 300w, https:\/\/campingdeplessac.fr\/wp-content\/uploads\/2020\/12\/contact-etangs-plessac-768x530.jpg 768w, https:\/\/campingdeplessac.fr\/wp-content\/uploads\/2020\/12\/contact-etangs-plessac-705x486.jpg 705w\" sizes=\"(max-width: 800px) 100vw, 800px\" \/><\/div><\/div><\/div><br \/>\n<section  class='av_textblock_section av-lnlu3tyu-057e9aa8844fc44c9e57133d87c828ad '   itemscope=\"itemscope\" itemtype=\"https:\/\/schema.org\/CreativeWork\" ><div class='avia_textblock'  itemprop=\"text\" ><p style=\"text-align: center;\"><em>Camping 4 stars Les \u00c9tangs de Plessac 10 km from Brant\u00f4me-en-P\u00e9rigord. Campsite with fishing pond in Dordogne P\u00e9rigord and indoor heated pool.<\/em><\/p>\n<\/div><\/section><\/p><\/div>\n<style type=\"text\/css\" data-created_by=\"avia_inline_auto\" id=\"style-css-av-419s6-d09461104890fd58cddee5b53654c875\">\n#top .flex_column_table.av-equal-height-column-flextable.av-419s6-d09461104890fd58cddee5b53654c875{\nmargin-top:0px;\nmargin-bottom:0px;\n}\n.flex_column.av-419s6-d09461104890fd58cddee5b53654c875{\nborder-radius:0px 0px 0px 0px;\npadding:0px 0px 0px 0px;\n}\n<\/style>\n<div  class='flex_column av-419s6-d09461104890fd58cddee5b53654c875 av_one_half  avia-builder-el-7  el_after_av_two_fifth  el_before_av_hr  no_margin flex_column_table_cell av-equal-height-column av-align-top av-zero-column-padding  '     ><p>\n<style type=\"text\/css\" data-created_by=\"avia_inline_auto\" id=\"style-css-av-6ovwu-a32711df7604a77300b047749574c920\">\n#top .hr.hr-invisible.av-6ovwu-a32711df7604a77300b047749574c920{\nheight:50px;\n}\n<\/style>\n<div  class='hr av-6ovwu-a32711df7604a77300b047749574c920 hr-invisible  avia-builder-el-8  el_before_av_contact  avia-builder-el-first '><span class='hr-inner '><span class=\"hr-inner-style\"><\/span><\/span><\/div><br \/>\n<form action=\"https:\/\/campingdeplessac.fr\/en\/location-contact-campsite-brantome-dordogne-perigord\/\" method=\"post\" data-fields-with-error=\"Found errors in the following field(s):\" class=\"avia_ajax_form av-form-labels-visible   avia-builder-el-9  el_after_av_hr  avia-builder-el-last   \" data-avia-form-id=\"1\" data-avia-redirect='' ><h3 class=''>To contact the Camping**** Les \u00c9tangs de Plessac<\/h3><fieldset><p class='  first_form  form_element form_element_half' id='element_avia_1_1'><label for=\"avia_1_1\">Name <abbr class=\"required\" title=\"required\">*<\/abbr><\/label> <input name=\"avia_1_1\" class=\"text_input is_empty\" type=\"text\" id=\"avia_1_1\" value=\"\" \/><\/p><p class='  form_element form_element_half' id='element_avia_2_1'><label for=\"avia_2_1\">Email <abbr class=\"required\" title=\"required\">*<\/abbr><\/label> <input name=\"avia_2_1\" class=\"text_input is_email\" type=\"text\" id=\"avia_2_1\" value=\"\" \/><\/p><p class='  first_form  form_element form_fullwidth' id='element_avia_3_1'><label for=\"avia_3_1\">Subject <abbr class=\"required\" title=\"required\">*<\/abbr><\/label> <input name=\"avia_3_1\" class=\"text_input is_empty\" type=\"text\" id=\"avia_3_1\" value=\"\" \/><\/p><p class='  first_form  form_element form_fullwidth' id='element_avia_4_1'><label for=\"avia_4_1\" class=\"textare_label hidden textare_label_avia_4_1\">Message <abbr class=\"required\" title=\"required\">*<\/abbr><\/label><textarea  name=\"avia_4_1\" class=\"text_area is_empty\" cols=\"40\" rows=\"7\" id=\"avia_4_1\" ><\/textarea><\/p><p class='  first_form  form_element form_fullwidth' id='element_avia_5_1'><input  name=\"avia_5_1\" class=\"input_checkbox is_empty\" type=\"checkbox\" id=\"avia_5_1\" value=\"true\"\/><label class=\"input_checkbox_label\" for=\"avia_5_1\">By submitting this form, I agree that the information entered will be used to allow the follow-up resulting from my request. <abbr class=\"required\" title=\"required\">*<\/abbr><\/label><\/p><p class=\"hidden\"><input type=\"text\" name=\"avia_6_1\" class=\"hidden \" id=\"avia_6_1\" value=\"\" \/><\/p><div id='avia_7_1' class='av-recaptcha-area  first_form  form_element form_fullwidth '  data-container_class=\"\" data-custom_class=\"\" data-context=\"av_contact_form\" data-token_input=\"av_recaptcha_token\" data-version=\"avia_recaptcha_v3\" data-theme=\"light\" data-size=\"normal\" data-score=\"0.5\" data-text_to_preview=\"\" data-value=\"\"><div class=\"av-google-badge-message hidden\">This site is protected by reCAPTCHA and the Google <a href=\"https:\/\/policies.google.com\/privacy\" target=\"_blank\" rel=\"noopener noreferrer\">Privacy Policy<\/a> and <a href=\"https:\/\/policies.google.com\/terms\" target=\"_blank\" rel=\"noopener noreferrer\">Terms of Service<\/a> apply.<\/div><\/div><p class=\"form_element \"><input type=\"hidden\" value=\"1\" name=\"avia_generated_form1\" \/><input type=\"submit\" value=\"Send\" class=\"button\"  data-sending-label=\"Sending\"\/><\/p><\/fieldset><div class=\"avia-disabled-form\">This contact form is deactivated because you refused to accept Google reCaptcha service which is necessary to validate any messages sent by the form.<\/div><\/form><div id=\"ajaxresponse_1\" class=\"ajaxresponse ajaxresponse_1 hidden\"><\/div><\/p><\/div><\/div><!--close column table wrapper. Autoclose: 1 -->\n<style type=\"text\/css\" data-created_by=\"avia_inline_auto\" id=\"style-css-av-6ovwu-1-139b8fcf84c0d1cad6477bfa847335cd\">\n#top .hr.hr-invisible.av-6ovwu-1-139b8fcf84c0d1cad6477bfa847335cd{\nheight:20px;\n}\n<\/style>\n<div  class='hr av-6ovwu-1-139b8fcf84c0d1cad6477bfa847335cd hr-invisible  avia-builder-el-10  el_after_av_one_half  avia-builder-el-last '><span class='hr-inner '><span class=\"hr-inner-style\"><\/span><\/span><\/div>\n<\/div><\/div><\/div><!-- close content main div --><\/div><\/div><div id='after_section_1'  class='main_color av_default_container_wrap container_wrap sidebar_right'  ><div class='container av-section-cont-open' ><div class='template-page content  av-content-small alpha units'><div class='post-entry post-entry-type-page post-entry-2756'><div class='entry-content-wrapper clearfix'>\n","protected":false},"excerpt":{"rendered":"","protected":false},"author":1,"featured_media":0,"parent":0,"menu_order":0,"comment_status":"closed","ping_status":"closed","template":"","meta":{"footnotes":""},"class_list":["post-2756","page","type-page","status-publish","hentry"],"yoast_head":"<!-- This site is optimized with the Yoast SEO plugin v27.2 - https:\/\/yoast.com\/product\/yoast-seo-wordpress\/ -->\n<title>Location-Contact - Camping Paradis Les \u00c9tangs de Plessac<\/title>\n<meta name=\"robots\" content=\"index, follow, max-snippet:-1, max-image-preview:large, max-video-preview:-1\" \/>\n<link rel=\"canonical\" href=\"https:\/\/campingdeplessac.fr\/en\/location-contact-campsite-brantome-dordogne-perigord\/\" \/>\n<meta property=\"og:locale\" content=\"en_US\" \/>\n<meta property=\"og:type\" content=\"article\" \/>\n<meta property=\"og:title\" content=\"Location-Contact - Camping Paradis Les \u00c9tangs de Plessac\" \/>\n<meta property=\"og:url\" content=\"https:\/\/campingdeplessac.fr\/en\/location-contact-campsite-brantome-dordogne-perigord\/\" \/>\n<meta property=\"og:site_name\" content=\"Camping Paradis Les \u00c9tangs de Plessac\" \/>\n<meta property=\"article:modified_time\" content=\"2026-01-15T14:33:52+00:00\" \/>\n<meta property=\"og:image\" content=\"https:\/\/www.roquecombe.com\/wp-content\/uploads\/2019\/11\/logo-facebook.png\" \/>\n<meta name=\"twitter:card\" content=\"summary_large_image\" \/>\n<meta name=\"twitter:label1\" content=\"Est. reading time\" \/>\n\t<meta name=\"twitter:data1\" content=\"2 minutes\" \/>\n<script type=\"application\/ld+json\" class=\"yoast-schema-graph\">{\"@context\":\"https:\/\/schema.org\",\"@graph\":[{\"@type\":\"WebPage\",\"@id\":\"https:\/\/campingdeplessac.fr\/en\/location-contact-campsite-brantome-dordogne-perigord\/\",\"url\":\"https:\/\/campingdeplessac.fr\/en\/location-contact-campsite-brantome-dordogne-perigord\/\",\"name\":\"Location-Contact - Camping Paradis Les \u00c9tangs de Plessac\",\"isPartOf\":{\"@id\":\"https:\/\/campingdeplessac.fr\/#website\"},\"primaryImageOfPage\":{\"@id\":\"https:\/\/campingdeplessac.fr\/en\/location-contact-campsite-brantome-dordogne-perigord\/#primaryimage\"},\"image\":{\"@id\":\"https:\/\/campingdeplessac.fr\/en\/location-contact-campsite-brantome-dordogne-perigord\/#primaryimage\"},\"thumbnailUrl\":\"https:\/\/www.roquecombe.com\/wp-content\/uploads\/2019\/11\/logo-facebook.png\",\"datePublished\":\"2019-10-16T15:28:24+00:00\",\"dateModified\":\"2026-01-15T14:33:52+00:00\",\"breadcrumb\":{\"@id\":\"https:\/\/campingdeplessac.fr\/en\/location-contact-campsite-brantome-dordogne-perigord\/#breadcrumb\"},\"inLanguage\":\"en-US\",\"potentialAction\":[{\"@type\":\"ReadAction\",\"target\":[\"https:\/\/campingdeplessac.fr\/en\/location-contact-campsite-brantome-dordogne-perigord\/\"]}]},{\"@type\":\"ImageObject\",\"inLanguage\":\"en-US\",\"@id\":\"https:\/\/campingdeplessac.fr\/en\/location-contact-campsite-brantome-dordogne-perigord\/#primaryimage\",\"url\":\"https:\/\/www.roquecombe.com\/wp-content\/uploads\/2019\/11\/logo-facebook.png\",\"contentUrl\":\"https:\/\/www.roquecombe.com\/wp-content\/uploads\/2019\/11\/logo-facebook.png\"},{\"@type\":\"BreadcrumbList\",\"@id\":\"https:\/\/campingdeplessac.fr\/en\/location-contact-campsite-brantome-dordogne-perigord\/#breadcrumb\",\"itemListElement\":[{\"@type\":\"ListItem\",\"position\":1,\"name\":\"Accueil\",\"item\":\"https:\/\/campingdeplessac.fr\/en\/\"},{\"@type\":\"ListItem\",\"position\":2,\"name\":\"Location-Contact\"}]},{\"@type\":\"WebSite\",\"@id\":\"https:\/\/campingdeplessac.fr\/#website\",\"url\":\"https:\/\/campingdeplessac.fr\/\",\"name\":\"Camping Paradis Les \u00c9tangs de Plessac\",\"description\":\"Camping en Dordogne P\u00e9rigord pr\u00e8s de Brant\u00f4me\",\"publisher\":{\"@id\":\"https:\/\/campingdeplessac.fr\/#organization\"},\"potentialAction\":[{\"@type\":\"SearchAction\",\"target\":{\"@type\":\"EntryPoint\",\"urlTemplate\":\"https:\/\/campingdeplessac.fr\/?s={search_term_string}\"},\"query-input\":{\"@type\":\"PropertyValueSpecification\",\"valueRequired\":true,\"valueName\":\"search_term_string\"}}],\"inLanguage\":\"en-US\"},{\"@type\":\"Organization\",\"@id\":\"https:\/\/campingdeplessac.fr\/#organization\",\"name\":\"Camping Paradis Les \u00c9tangs de Plessac\",\"url\":\"https:\/\/campingdeplessac.fr\/\",\"logo\":{\"@type\":\"ImageObject\",\"inLanguage\":\"en-US\",\"@id\":\"https:\/\/campingdeplessac.fr\/#\/schema\/logo\/image\/\",\"url\":\"https:\/\/campingdeplessac.fr\/wp-content\/uploads\/2020\/12\/logo-200x140px.png\",\"contentUrl\":\"https:\/\/campingdeplessac.fr\/wp-content\/uploads\/2020\/12\/logo-200x140px.png\",\"width\":200,\"height\":140,\"caption\":\"Camping Paradis Les \u00c9tangs de Plessac\"},\"image\":{\"@id\":\"https:\/\/campingdeplessac.fr\/#\/schema\/logo\/image\/\"}}]}<\/script>\n<!-- \/ Yoast SEO plugin. -->","yoast_head_json":{"title":"Location-Contact - Camping Paradis Les \u00c9tangs de Plessac","robots":{"index":"index","follow":"follow","max-snippet":"max-snippet:-1","max-image-preview":"max-image-preview:large","max-video-preview":"max-video-preview:-1"},"canonical":"https:\/\/campingdeplessac.fr\/en\/location-contact-campsite-brantome-dordogne-perigord\/","og_locale":"en_US","og_type":"article","og_title":"Location-Contact - Camping Paradis Les \u00c9tangs de Plessac","og_url":"https:\/\/campingdeplessac.fr\/en\/location-contact-campsite-brantome-dordogne-perigord\/","og_site_name":"Camping Paradis Les \u00c9tangs de Plessac","article_modified_time":"2026-01-15T14:33:52+00:00","og_image":[{"url":"https:\/\/www.roquecombe.com\/wp-content\/uploads\/2019\/11\/logo-facebook.png","type":"","width":"","height":""}],"twitter_card":"summary_large_image","twitter_misc":{"Est. reading time":"2 minutes"},"schema":{"@context":"https:\/\/schema.org","@graph":[{"@type":"WebPage","@id":"https:\/\/campingdeplessac.fr\/en\/location-contact-campsite-brantome-dordogne-perigord\/","url":"https:\/\/campingdeplessac.fr\/en\/location-contact-campsite-brantome-dordogne-perigord\/","name":"Location-Contact - Camping Paradis Les \u00c9tangs de Plessac","isPartOf":{"@id":"https:\/\/campingdeplessac.fr\/#website"},"primaryImageOfPage":{"@id":"https:\/\/campingdeplessac.fr\/en\/location-contact-campsite-brantome-dordogne-perigord\/#primaryimage"},"image":{"@id":"https:\/\/campingdeplessac.fr\/en\/location-contact-campsite-brantome-dordogne-perigord\/#primaryimage"},"thumbnailUrl":"https:\/\/www.roquecombe.com\/wp-content\/uploads\/2019\/11\/logo-facebook.png","datePublished":"2019-10-16T15:28:24+00:00","dateModified":"2026-01-15T14:33:52+00:00","breadcrumb":{"@id":"https:\/\/campingdeplessac.fr\/en\/location-contact-campsite-brantome-dordogne-perigord\/#breadcrumb"},"inLanguage":"en-US","potentialAction":[{"@type":"ReadAction","target":["https:\/\/campingdeplessac.fr\/en\/location-contact-campsite-brantome-dordogne-perigord\/"]}]},{"@type":"ImageObject","inLanguage":"en-US","@id":"https:\/\/campingdeplessac.fr\/en\/location-contact-campsite-brantome-dordogne-perigord\/#primaryimage","url":"https:\/\/www.roquecombe.com\/wp-content\/uploads\/2019\/11\/logo-facebook.png","contentUrl":"https:\/\/www.roquecombe.com\/wp-content\/uploads\/2019\/11\/logo-facebook.png"},{"@type":"BreadcrumbList","@id":"https:\/\/campingdeplessac.fr\/en\/location-contact-campsite-brantome-dordogne-perigord\/#breadcrumb","itemListElement":[{"@type":"ListItem","position":1,"name":"Accueil","item":"https:\/\/campingdeplessac.fr\/en\/"},{"@type":"ListItem","position":2,"name":"Location-Contact"}]},{"@type":"WebSite","@id":"https:\/\/campingdeplessac.fr\/#website","url":"https:\/\/campingdeplessac.fr\/","name":"Camping Paradis Les \u00c9tangs de Plessac","description":"Camping en Dordogne P\u00e9rigord pr\u00e8s de Brant\u00f4me","publisher":{"@id":"https:\/\/campingdeplessac.fr\/#organization"},"potentialAction":[{"@type":"SearchAction","target":{"@type":"EntryPoint","urlTemplate":"https:\/\/campingdeplessac.fr\/?s={search_term_string}"},"query-input":{"@type":"PropertyValueSpecification","valueRequired":true,"valueName":"search_term_string"}}],"inLanguage":"en-US"},{"@type":"Organization","@id":"https:\/\/campingdeplessac.fr\/#organization","name":"Camping Paradis Les \u00c9tangs de Plessac","url":"https:\/\/campingdeplessac.fr\/","logo":{"@type":"ImageObject","inLanguage":"en-US","@id":"https:\/\/campingdeplessac.fr\/#\/schema\/logo\/image\/","url":"https:\/\/campingdeplessac.fr\/wp-content\/uploads\/2020\/12\/logo-200x140px.png","contentUrl":"https:\/\/campingdeplessac.fr\/wp-content\/uploads\/2020\/12\/logo-200x140px.png","width":200,"height":140,"caption":"Camping Paradis Les \u00c9tangs de Plessac"},"image":{"@id":"https:\/\/campingdeplessac.fr\/#\/schema\/logo\/image\/"}}]}},"_links":{"self":[{"href":"https:\/\/campingdeplessac.fr\/en\/wp-json\/wp\/v2\/pages\/2756","targetHints":{"allow":["GET"]}}],"collection":[{"href":"https:\/\/campingdeplessac.fr\/en\/wp-json\/wp\/v2\/pages"}],"about":[{"href":"https:\/\/campingdeplessac.fr\/en\/wp-json\/wp\/v2\/types\/page"}],"author":[{"embeddable":true,"href":"https:\/\/campingdeplessac.fr\/en\/wp-json\/wp\/v2\/users\/1"}],"replies":[{"embeddable":true,"href":"https:\/\/campingdeplessac.fr\/en\/wp-json\/wp\/v2\/comments?post=2756"}],"version-history":[{"count":0,"href":"https:\/\/campingdeplessac.fr\/en\/wp-json\/wp\/v2\/pages\/2756\/revisions"}],"wp:attachment":[{"href":"https:\/\/campingdeplessac.fr\/en\/wp-json\/wp\/v2\/media?parent=2756"}],"curies":[{"name":"wp","href":"https:\/\/api.w.org\/{rel}","templated":true}]}}