{"id":2753,"date":"2020-12-18T18:46:08","date_gmt":"2020-12-18T17:46:08","guid":{"rendered":"https:\/\/campingdeplessac.fr\/plan-du-camping\/"},"modified":"2023-10-25T18:36:41","modified_gmt":"2023-10-25T16:36:41","slug":"map-of-the-campsite-campsite-brantome-dordogne-perigord","status":"publish","type":"page","link":"https:\/\/campingdeplessac.fr\/en\/map-of-the-campsite-campsite-brantome-dordogne-perigord\/","title":{"rendered":"Map of the campsite"},"content":{"rendered":"\n<style type=\"text\/css\" data-created_by=\"avia_inline_auto\" id=\"style-css-av-kirmre53-d3a638e4c2af9fc50b8020e501cea08d\">\n.avia-section.av-kirmre53-d3a638e4c2af9fc50b8020e501cea08d{\nbackground-color:#f9f9f9;\nbackground-image:unset;\n}\n<\/style>\n<div id='av_section_1'  class='avia-section av-kirmre53-d3a638e4c2af9fc50b8020e501cea08d main_color avia-section-default avia-no-border-styling  avia-builder-el-0  avia-builder-el-no-sibling  avia-bg-style-scroll container_wrap sidebar_right'  ><div class='container av-section-cont-open' ><main  role=\"main\" itemprop=\"mainContentOfPage\"  class='template-page content  av-content-small alpha units'><div class='post-entry post-entry-type-page post-entry-2753'><div class='entry-content-wrapper clearfix'>\n\n<style type=\"text\/css\" data-created_by=\"avia_inline_auto\" id=\"style-css-av-kj1kydnn-f3af7fa987c01f388b73e3c3e50a6366\">\n#top .av-special-heading.av-kj1kydnn-f3af7fa987c01f388b73e3c3e50a6366{\npadding-bottom:0;\n}\nbody .av-special-heading.av-kj1kydnn-f3af7fa987c01f388b73e3c3e50a6366 .av-special-heading-tag .heading-char{\nfont-size:25px;\n}\n.av-special-heading.av-kj1kydnn-f3af7fa987c01f388b73e3c3e50a6366 .av-subheading{\nfont-size:20px;\n}\n<\/style>\n<div  class='av-special-heading av-kj1kydnn-f3af7fa987c01f388b73e3c3e50a6366 av-special-heading-h2 blockquote modern-quote modern-centered  avia-builder-el-1  el_before_av_hr  avia-builder-el-first  av-linked-heading'><h2 class='av-special-heading-tag '  itemprop=\"headline\"  >Map of Camping**** Les \u00c9tangs de Plessac<\/h2><div class=\"special-heading-border\"><div class=\"special-heading-inner-border\"><\/div><\/div><\/div>\n\n<style type=\"text\/css\" data-created_by=\"avia_inline_auto\" id=\"style-css-av-kiukpgux-c9a358f3da82d661ad2da1275424a246\">\n#top .hr.av-kiukpgux-c9a358f3da82d661ad2da1275424a246{\nmargin-top:10px;\nmargin-bottom:0px;\n}\n.hr.av-kiukpgux-c9a358f3da82d661ad2da1275424a246 .hr-inner{\nwidth:300px;\nborder-color:#fad91a;\n}\n<\/style>\n<div  class='hr av-kiukpgux-c9a358f3da82d661ad2da1275424a246 hr-custom  avia-builder-el-2  el_after_av_heading  el_before_av_one_full  hr-center hr-icon-no'><span class='hr-inner inner-border-av-border-fat'><span class=\"hr-inner-style\"><\/span><\/span><\/div>\n<div class='flex_column_table av-24p36k-92c40b31280fff62561ae271377de304 sc-av_one_full av-equal-height-column-flextable'>\n<style type=\"text\/css\" data-created_by=\"avia_inline_auto\" id=\"style-css-av-24p36k-92c40b31280fff62561ae271377de304\">\n.flex_column.av-24p36k-92c40b31280fff62561ae271377de304{\nborder-radius:0px 0px 0px 0px;\npadding:0px 0px 0px 0px;\n}\n<\/style>\n<div  class='flex_column av-24p36k-92c40b31280fff62561ae271377de304 av_one_full  avia-builder-el-3  el_after_av_hr  avia-builder-el-last  first flex_column_table_cell av-equal-height-column av-align-middle av-zero-column-padding  '     ><style type=\"text\/css\" data-created_by=\"avia_inline_auto\" id=\"style-css-av-kiukf7xa-319eda186ffd79ae3ea8ed9e9ad99447\">\n.avia-image-container.av-kiukf7xa-319eda186ffd79ae3ea8ed9e9ad99447 img.avia_image{\nbox-shadow:none;\n}\n.avia-image-container.av-kiukf7xa-319eda186ffd79ae3ea8ed9e9ad99447 .av-image-caption-overlay-center{\ncolor:#ffffff;\n}\n<\/style>\n<div  class='avia-image-container av-kiukf7xa-319eda186ffd79ae3ea8ed9e9ad99447 av-styling- avia-align-center  avia-builder-el-4  avia-builder-el-no-sibling '   itemprop=\"image\" itemscope=\"itemscope\" itemtype=\"https:\/\/schema.org\/ImageObject\" ><div class=\"avia-image-container-inner\"><div class=\"avia-image-overlay-wrap\"><img decoding=\"async\" fetchpriority=\"high\" class='wp-image-4375 avia-img-lazy-loading-not-4375 avia_image ' src=\"https:\/\/campingdeplessac.fr\/wp-content\/uploads\/2023\/10\/plan-camping-paradis-etangs-plessac-2023.jpg\" alt='' title='plan-camping-paradis-etangs-plessac-2023'  height=\"990\" width=\"1400\"  itemprop=\"thumbnailUrl\" srcset=\"https:\/\/campingdeplessac.fr\/wp-content\/uploads\/2023\/10\/plan-camping-paradis-etangs-plessac-2023.jpg 1400w, https:\/\/campingdeplessac.fr\/wp-content\/uploads\/2023\/10\/plan-camping-paradis-etangs-plessac-2023-300x212.jpg 300w, https:\/\/campingdeplessac.fr\/wp-content\/uploads\/2023\/10\/plan-camping-paradis-etangs-plessac-2023-1030x728.jpg 1030w, https:\/\/campingdeplessac.fr\/wp-content\/uploads\/2023\/10\/plan-camping-paradis-etangs-plessac-2023-768x543.jpg 768w, https:\/\/campingdeplessac.fr\/wp-content\/uploads\/2023\/10\/plan-camping-paradis-etangs-plessac-2023-260x185.jpg 260w, https:\/\/campingdeplessac.fr\/wp-content\/uploads\/2023\/10\/plan-camping-paradis-etangs-plessac-2023-705x499.jpg 705w\" sizes=\"(max-width: 1400px) 100vw, 1400px\" \/><\/div><\/div><\/div><\/div><\/div><!--close column table wrapper. Autoclose: 1 --><\/div><\/div><\/main><!-- close content main element --><\/div><\/div><div id='after_section_1'  class='main_color av_default_container_wrap container_wrap sidebar_right'  ><div class='container av-section-cont-open' ><div class='template-page content  av-content-small alpha units'><div class='post-entry post-entry-type-page post-entry-2753'><div class='entry-content-wrapper clearfix'>\n","protected":false},"excerpt":{"rendered":"","protected":false},"author":1,"featured_media":0,"parent":0,"menu_order":0,"comment_status":"closed","ping_status":"closed","template":"","meta":{"footnotes":""},"class_list":["post-2753","page","type-page","status-publish","hentry"],"yoast_head":"<!-- This site is optimized with the Yoast SEO plugin v27.2 - https:\/\/yoast.com\/product\/yoast-seo-wordpress\/ -->\n<title>Map of the campsite - Camping Paradis Les \u00c9tangs de Plessac<\/title>\n<meta name=\"robots\" content=\"index, follow, max-snippet:-1, max-image-preview:large, max-video-preview:-1\" \/>\n<link rel=\"canonical\" href=\"https:\/\/campingdeplessac.fr\/en\/map-of-the-campsite-campsite-brantome-dordogne-perigord\/\" \/>\n<meta property=\"og:locale\" content=\"en_US\" \/>\n<meta property=\"og:type\" content=\"article\" \/>\n<meta property=\"og:title\" content=\"Map of the campsite - Camping Paradis Les \u00c9tangs de Plessac\" \/>\n<meta property=\"og:url\" content=\"https:\/\/campingdeplessac.fr\/en\/map-of-the-campsite-campsite-brantome-dordogne-perigord\/\" \/>\n<meta property=\"og:site_name\" content=\"Camping Paradis Les \u00c9tangs de Plessac\" \/>\n<meta property=\"article:modified_time\" content=\"2023-10-25T16:36:41+00:00\" \/>\n<meta name=\"twitter:card\" content=\"summary_large_image\" \/>\n<meta name=\"twitter:label1\" content=\"Est. reading time\" \/>\n\t<meta name=\"twitter:data1\" content=\"2 minutes\" \/>\n<script type=\"application\/ld+json\" class=\"yoast-schema-graph\">{\"@context\":\"https:\/\/schema.org\",\"@graph\":[{\"@type\":\"WebPage\",\"@id\":\"https:\/\/campingdeplessac.fr\/en\/map-of-the-campsite-campsite-brantome-dordogne-perigord\/\",\"url\":\"https:\/\/campingdeplessac.fr\/en\/map-of-the-campsite-campsite-brantome-dordogne-perigord\/\",\"name\":\"Map of the campsite - Camping Paradis Les \u00c9tangs de Plessac\",\"isPartOf\":{\"@id\":\"https:\/\/campingdeplessac.fr\/#website\"},\"datePublished\":\"2020-12-18T17:46:08+00:00\",\"dateModified\":\"2023-10-25T16:36:41+00:00\",\"breadcrumb\":{\"@id\":\"https:\/\/campingdeplessac.fr\/en\/map-of-the-campsite-campsite-brantome-dordogne-perigord\/#breadcrumb\"},\"inLanguage\":\"en-US\",\"potentialAction\":[{\"@type\":\"ReadAction\",\"target\":[\"https:\/\/campingdeplessac.fr\/en\/map-of-the-campsite-campsite-brantome-dordogne-perigord\/\"]}]},{\"@type\":\"BreadcrumbList\",\"@id\":\"https:\/\/campingdeplessac.fr\/en\/map-of-the-campsite-campsite-brantome-dordogne-perigord\/#breadcrumb\",\"itemListElement\":[{\"@type\":\"ListItem\",\"position\":1,\"name\":\"Accueil\",\"item\":\"https:\/\/campingdeplessac.fr\/en\/\"},{\"@type\":\"ListItem\",\"position\":2,\"name\":\"Map of the campsite\"}]},{\"@type\":\"WebSite\",\"@id\":\"https:\/\/campingdeplessac.fr\/#website\",\"url\":\"https:\/\/campingdeplessac.fr\/\",\"name\":\"Camping Paradis Les \u00c9tangs de Plessac\",\"description\":\"Camping en Dordogne P\u00e9rigord pr\u00e8s de Brant\u00f4me\",\"publisher\":{\"@id\":\"https:\/\/campingdeplessac.fr\/#organization\"},\"potentialAction\":[{\"@type\":\"SearchAction\",\"target\":{\"@type\":\"EntryPoint\",\"urlTemplate\":\"https:\/\/campingdeplessac.fr\/?s={search_term_string}\"},\"query-input\":{\"@type\":\"PropertyValueSpecification\",\"valueRequired\":true,\"valueName\":\"search_term_string\"}}],\"inLanguage\":\"en-US\"},{\"@type\":\"Organization\",\"@id\":\"https:\/\/campingdeplessac.fr\/#organization\",\"name\":\"Camping Paradis Les \u00c9tangs de Plessac\",\"url\":\"https:\/\/campingdeplessac.fr\/\",\"logo\":{\"@type\":\"ImageObject\",\"inLanguage\":\"en-US\",\"@id\":\"https:\/\/campingdeplessac.fr\/#\/schema\/logo\/image\/\",\"url\":\"https:\/\/campingdeplessac.fr\/wp-content\/uploads\/2020\/12\/logo-200x140px.png\",\"contentUrl\":\"https:\/\/campingdeplessac.fr\/wp-content\/uploads\/2020\/12\/logo-200x140px.png\",\"width\":200,\"height\":140,\"caption\":\"Camping Paradis Les \u00c9tangs de Plessac\"},\"image\":{\"@id\":\"https:\/\/campingdeplessac.fr\/#\/schema\/logo\/image\/\"}}]}<\/script>\n<!-- \/ Yoast SEO plugin. -->","yoast_head_json":{"title":"Map of the campsite - Camping Paradis Les \u00c9tangs de Plessac","robots":{"index":"index","follow":"follow","max-snippet":"max-snippet:-1","max-image-preview":"max-image-preview:large","max-video-preview":"max-video-preview:-1"},"canonical":"https:\/\/campingdeplessac.fr\/en\/map-of-the-campsite-campsite-brantome-dordogne-perigord\/","og_locale":"en_US","og_type":"article","og_title":"Map of the campsite - Camping Paradis Les \u00c9tangs de Plessac","og_url":"https:\/\/campingdeplessac.fr\/en\/map-of-the-campsite-campsite-brantome-dordogne-perigord\/","og_site_name":"Camping Paradis Les \u00c9tangs de Plessac","article_modified_time":"2023-10-25T16:36:41+00:00","twitter_card":"summary_large_image","twitter_misc":{"Est. reading time":"2 minutes"},"schema":{"@context":"https:\/\/schema.org","@graph":[{"@type":"WebPage","@id":"https:\/\/campingdeplessac.fr\/en\/map-of-the-campsite-campsite-brantome-dordogne-perigord\/","url":"https:\/\/campingdeplessac.fr\/en\/map-of-the-campsite-campsite-brantome-dordogne-perigord\/","name":"Map of the campsite - Camping Paradis Les \u00c9tangs de Plessac","isPartOf":{"@id":"https:\/\/campingdeplessac.fr\/#website"},"datePublished":"2020-12-18T17:46:08+00:00","dateModified":"2023-10-25T16:36:41+00:00","breadcrumb":{"@id":"https:\/\/campingdeplessac.fr\/en\/map-of-the-campsite-campsite-brantome-dordogne-perigord\/#breadcrumb"},"inLanguage":"en-US","potentialAction":[{"@type":"ReadAction","target":["https:\/\/campingdeplessac.fr\/en\/map-of-the-campsite-campsite-brantome-dordogne-perigord\/"]}]},{"@type":"BreadcrumbList","@id":"https:\/\/campingdeplessac.fr\/en\/map-of-the-campsite-campsite-brantome-dordogne-perigord\/#breadcrumb","itemListElement":[{"@type":"ListItem","position":1,"name":"Accueil","item":"https:\/\/campingdeplessac.fr\/en\/"},{"@type":"ListItem","position":2,"name":"Map of the campsite"}]},{"@type":"WebSite","@id":"https:\/\/campingdeplessac.fr\/#website","url":"https:\/\/campingdeplessac.fr\/","name":"Camping Paradis Les \u00c9tangs de Plessac","description":"Camping en Dordogne P\u00e9rigord pr\u00e8s de Brant\u00f4me","publisher":{"@id":"https:\/\/campingdeplessac.fr\/#organization"},"potentialAction":[{"@type":"SearchAction","target":{"@type":"EntryPoint","urlTemplate":"https:\/\/campingdeplessac.fr\/?s={search_term_string}"},"query-input":{"@type":"PropertyValueSpecification","valueRequired":true,"valueName":"search_term_string"}}],"inLanguage":"en-US"},{"@type":"Organization","@id":"https:\/\/campingdeplessac.fr\/#organization","name":"Camping Paradis Les \u00c9tangs de Plessac","url":"https:\/\/campingdeplessac.fr\/","logo":{"@type":"ImageObject","inLanguage":"en-US","@id":"https:\/\/campingdeplessac.fr\/#\/schema\/logo\/image\/","url":"https:\/\/campingdeplessac.fr\/wp-content\/uploads\/2020\/12\/logo-200x140px.png","contentUrl":"https:\/\/campingdeplessac.fr\/wp-content\/uploads\/2020\/12\/logo-200x140px.png","width":200,"height":140,"caption":"Camping Paradis Les \u00c9tangs de Plessac"},"image":{"@id":"https:\/\/campingdeplessac.fr\/#\/schema\/logo\/image\/"}}]}},"_links":{"self":[{"href":"https:\/\/campingdeplessac.fr\/en\/wp-json\/wp\/v2\/pages\/2753","targetHints":{"allow":["GET"]}}],"collection":[{"href":"https:\/\/campingdeplessac.fr\/en\/wp-json\/wp\/v2\/pages"}],"about":[{"href":"https:\/\/campingdeplessac.fr\/en\/wp-json\/wp\/v2\/types\/page"}],"author":[{"embeddable":true,"href":"https:\/\/campingdeplessac.fr\/en\/wp-json\/wp\/v2\/users\/1"}],"replies":[{"embeddable":true,"href":"https:\/\/campingdeplessac.fr\/en\/wp-json\/wp\/v2\/comments?post=2753"}],"version-history":[{"count":0,"href":"https:\/\/campingdeplessac.fr\/en\/wp-json\/wp\/v2\/pages\/2753\/revisions"}],"wp:attachment":[{"href":"https:\/\/campingdeplessac.fr\/en\/wp-json\/wp\/v2\/media?parent=2753"}],"curies":[{"name":"wp","href":"https:\/\/api.w.org\/{rel}","templated":true}]}}